{"id":436,"date":"2020-03-19T15:50:05","date_gmt":"2020-03-19T15:50:05","guid":{"rendered":"http:\/\/hotel-gabriel.ms.decms.eu\/sample-page\/"},"modified":"2020-03-19T15:50:05","modified_gmt":"2020-03-19T15:50:05","slug":"sample-page-3","status":"publish","type":"page","link":"https:\/\/gabriel-test.ms.decms.asia\/de\/","title":{"rendered":"Modernes Design-Boutique-Hotel in Paris"},"content":{"rendered":"\n<p><span style=\"font-weight: 400;\">L&#8217;h\u00f4tel Gabriel vous accueille dans une ambiance moderne et chaleureuse, au c\u0153ur de Paris. Id\u00e9alement situ\u00e9, \u00e0 mi-chemin entre la Place de la R\u00e9publique et le c\u00e9l\u00e8bre quartier du Marais, l&#8217;h\u00f4tel Gabriel est un boutique h\u00f4tel de 41 chambres. A deux pas de l&#8217;h\u00f4tel, vous pourrez d\u00e9couvrir le Canal St Martin, la Place de la Bastille, le quartier du Marais et ses boutiques trendy, la Place de la R\u00e9publique, les restaurants et bars branch\u00e9s&#8230; Vous pourrez rejoindre en quelque minute les principaux monument et centre d&#8217;int\u00e9r\u00eat parisien : Tour Eiffel, le Mus\u00e9e du Louvre, les Champs Elys\u00e9es, le Centre Georges Pompidou, Bastille, Op\u00e9ra&#8230;<\/span><\/p>\n","protected":false},"excerpt":{"rendered":"L&#8217;h\u00f4tel Gabriel vous accueille dans une ambiance moderne et chaleureuse, au c\u0153ur de Paris. Id\u00e9alement situ\u00e9, \u00e0 mi-chemin entre la Place de la R\u00e9publique et le c\u00e9l\u00e8bre quartier du Marais, l&#8217;h\u00f4tel Gabriel est un boutique h\u00f4tel de 41 chambres. A deux pas de l&#8217;h\u00f4tel, vous pourrez d\u00e9couvrir le Canal St Martin, la Place de la&#8230; <a class=\"view-article\" href=\"https:\/\/gabriel-test.ms.decms.asia\/de\/\">Artikel ansehen<\/a>","protected":false},"author":2,"featured_media":9,"parent":0,"menu_order":0,"comment_status":"closed","ping_status":"open","template":"templates\/template-home.php","meta":{"footnotes":""},"acf":[],"yoast_head":"<!-- This site is optimized with the Yoast SEO plugin v22.3 - https:\/\/yoast.com\/wordpress\/plugins\/seo\/ -->\n<title>Modernes Design-Boutique-Hotel in Paris - Hotel Gabriel Test Asia<\/title>\n<meta name=\"robots\" content=\"index, follow, max-snippet:-1, max-image-preview:large, max-video-preview:-1\" \/>\n<link rel=\"canonical\" href=\"https:\/\/gabriel-test.ms.decms.asia\/de\/\" \/>\n<meta property=\"og:locale\" content=\"de_DE\" \/>\n<meta property=\"og:type\" content=\"article\" \/>\n<meta property=\"og:title\" content=\"Modernes Design-Boutique-Hotel in Paris - Hotel Gabriel Test Asia\" \/>\n<meta property=\"og:description\" content=\"L&#8217;h\u00f4tel Gabriel vous accueille dans une ambiance moderne et chaleureuse, au c\u0153ur de Paris. Id\u00e9alement situ\u00e9, \u00e0 mi-chemin entre la Place de la R\u00e9publique et le c\u00e9l\u00e8bre quartier du Marais, l&#8217;h\u00f4tel Gabriel est un boutique h\u00f4tel de 41 chambres. A deux pas de l&#8217;h\u00f4tel, vous pourrez d\u00e9couvrir le Canal St Martin, la Place de la... Artikel ansehen\" \/>\n<meta property=\"og:url\" content=\"https:\/\/gabriel-test.ms.decms.asia\/de\/\" \/>\n<meta property=\"og:site_name\" content=\"Hotel Gabriel Test Asia\" \/>\n<meta property=\"og:image\" content=\"https:\/\/gabriel-test.ms.decms.asia\/wp-content\/uploads\/sites\/147\/2020\/03\/hotel-gabriel-paris-chambre-01-02-md1.jpg\" \/>\n\t<meta property=\"og:image:width\" content=\"1900\" \/>\n\t<meta property=\"og:image:height\" content=\"1267\" \/>\n\t<meta property=\"og:image:type\" content=\"image\/jpeg\" \/>\n<meta name=\"twitter:card\" content=\"summary_large_image\" \/>\n<meta name=\"twitter:label1\" content=\"Gesch\u00e4tzte Lesezeit\" \/>\n\t<meta name=\"twitter:data1\" content=\"1 Minute\" \/>\n<script type=\"application\/ld+json\" class=\"yoast-schema-graph\">{\"@context\":\"https:\/\/schema.org\",\"@graph\":[{\"@type\":\"WebPage\",\"@id\":\"https:\/\/gabriel-test.ms.decms.asia\/de\/\",\"url\":\"https:\/\/gabriel-test.ms.decms.asia\/de\/\",\"name\":\"Modernes Design-Boutique-Hotel in Paris - Hotel Gabriel Test Asia\",\"isPartOf\":{\"@id\":\"https:\/\/gabriel-test.ms.decms.asia\/de\/#website\"},\"primaryImageOfPage\":{\"@id\":\"https:\/\/gabriel-test.ms.decms.asia\/de\/#primaryimage\"},\"image\":{\"@id\":\"https:\/\/gabriel-test.ms.decms.asia\/de\/#primaryimage\"},\"thumbnailUrl\":\"https:\/\/gabriel-test.ms.decms.asia\/wp-content\/uploads\/sites\/147\/2020\/03\/hotel-gabriel-paris-chambre-01-02-md1.jpg\",\"datePublished\":\"2020-03-19T15:50:05+00:00\",\"dateModified\":\"2020-03-19T15:50:05+00:00\",\"breadcrumb\":{\"@id\":\"https:\/\/gabriel-test.ms.decms.asia\/de\/#breadcrumb\"},\"inLanguage\":\"de-DE\",\"potentialAction\":[{\"@type\":\"ReadAction\",\"target\":[\"https:\/\/gabriel-test.ms.decms.asia\/de\/\"]}]},{\"@type\":\"ImageObject\",\"inLanguage\":\"de-DE\",\"@id\":\"https:\/\/gabriel-test.ms.decms.asia\/de\/#primaryimage\",\"url\":\"https:\/\/gabriel-test.ms.decms.asia\/wp-content\/uploads\/sites\/147\/2020\/03\/hotel-gabriel-paris-chambre-01-02-md1.jpg\",\"contentUrl\":\"https:\/\/gabriel-test.ms.decms.asia\/wp-content\/uploads\/sites\/147\/2020\/03\/hotel-gabriel-paris-chambre-01-02-md1.jpg\",\"width\":1900,\"height\":1267},{\"@type\":\"BreadcrumbList\",\"@id\":\"https:\/\/gabriel-test.ms.decms.asia\/de\/#breadcrumb\",\"itemListElement\":[{\"@type\":\"ListItem\",\"position\":1,\"name\":\"Home\",\"item\":\"https:\/\/gabriel-test.ms.decms.asia\/de\/\"},{\"@type\":\"ListItem\",\"position\":2,\"name\":\"Modernes Design-Boutique-Hotel in Paris\"}]},{\"@type\":\"WebSite\",\"@id\":\"https:\/\/gabriel-test.ms.decms.asia\/de\/#website\",\"url\":\"https:\/\/gabriel-test.ms.decms.asia\/de\/\",\"name\":\"Hotel Gabriel Test Asia\",\"description\":\"Just another D-EDGE CMS Asia Pacific site\",\"potentialAction\":[{\"@type\":\"SearchAction\",\"target\":{\"@type\":\"EntryPoint\",\"urlTemplate\":\"https:\/\/gabriel-test.ms.decms.asia\/de\/?s={search_term_string}\"},\"query-input\":\"required name=search_term_string\"}],\"inLanguage\":\"de-DE\"}]}<\/script>\n<!-- \/ Yoast SEO plugin. -->","yoast_head_json":{"title":"Modernes Design-Boutique-Hotel in Paris - Hotel Gabriel Test Asia","robots":{"index":"index","follow":"follow","max-snippet":"max-snippet:-1","max-image-preview":"max-image-preview:large","max-video-preview":"max-video-preview:-1"},"canonical":"https:\/\/gabriel-test.ms.decms.asia\/de\/","og_locale":"de_DE","og_type":"article","og_title":"Modernes Design-Boutique-Hotel in Paris - Hotel Gabriel Test Asia","og_description":"L&#8217;h\u00f4tel Gabriel vous accueille dans une ambiance moderne et chaleureuse, au c\u0153ur de Paris. Id\u00e9alement situ\u00e9, \u00e0 mi-chemin entre la Place de la R\u00e9publique et le c\u00e9l\u00e8bre quartier du Marais, l&#8217;h\u00f4tel Gabriel est un boutique h\u00f4tel de 41 chambres. A deux pas de l&#8217;h\u00f4tel, vous pourrez d\u00e9couvrir le Canal St Martin, la Place de la... Artikel ansehen","og_url":"https:\/\/gabriel-test.ms.decms.asia\/de\/","og_site_name":"Hotel Gabriel Test Asia","og_image":[{"width":1900,"height":1267,"url":"https:\/\/gabriel-test.ms.decms.asia\/wp-content\/uploads\/sites\/147\/2020\/03\/hotel-gabriel-paris-chambre-01-02-md1.jpg","type":"image\/jpeg"}],"twitter_card":"summary_large_image","twitter_misc":{"Gesch\u00e4tzte Lesezeit":"1 Minute"},"schema":{"@context":"https:\/\/schema.org","@graph":[{"@type":"WebPage","@id":"https:\/\/gabriel-test.ms.decms.asia\/de\/","url":"https:\/\/gabriel-test.ms.decms.asia\/de\/","name":"Modernes Design-Boutique-Hotel in Paris - Hotel Gabriel Test Asia","isPartOf":{"@id":"https:\/\/gabriel-test.ms.decms.asia\/de\/#website"},"primaryImageOfPage":{"@id":"https:\/\/gabriel-test.ms.decms.asia\/de\/#primaryimage"},"image":{"@id":"https:\/\/gabriel-test.ms.decms.asia\/de\/#primaryimage"},"thumbnailUrl":"https:\/\/gabriel-test.ms.decms.asia\/wp-content\/uploads\/sites\/147\/2020\/03\/hotel-gabriel-paris-chambre-01-02-md1.jpg","datePublished":"2020-03-19T15:50:05+00:00","dateModified":"2020-03-19T15:50:05+00:00","breadcrumb":{"@id":"https:\/\/gabriel-test.ms.decms.asia\/de\/#breadcrumb"},"inLanguage":"de-DE","potentialAction":[{"@type":"ReadAction","target":["https:\/\/gabriel-test.ms.decms.asia\/de\/"]}]},{"@type":"ImageObject","inLanguage":"de-DE","@id":"https:\/\/gabriel-test.ms.decms.asia\/de\/#primaryimage","url":"https:\/\/gabriel-test.ms.decms.asia\/wp-content\/uploads\/sites\/147\/2020\/03\/hotel-gabriel-paris-chambre-01-02-md1.jpg","contentUrl":"https:\/\/gabriel-test.ms.decms.asia\/wp-content\/uploads\/sites\/147\/2020\/03\/hotel-gabriel-paris-chambre-01-02-md1.jpg","width":1900,"height":1267},{"@type":"BreadcrumbList","@id":"https:\/\/gabriel-test.ms.decms.asia\/de\/#breadcrumb","itemListElement":[{"@type":"ListItem","position":1,"name":"Home","item":"https:\/\/gabriel-test.ms.decms.asia\/de\/"},{"@type":"ListItem","position":2,"name":"Modernes Design-Boutique-Hotel in Paris"}]},{"@type":"WebSite","@id":"https:\/\/gabriel-test.ms.decms.asia\/de\/#website","url":"https:\/\/gabriel-test.ms.decms.asia\/de\/","name":"Hotel Gabriel Test Asia","description":"Just another D-EDGE CMS Asia Pacific site","potentialAction":[{"@type":"SearchAction","target":{"@type":"EntryPoint","urlTemplate":"https:\/\/gabriel-test.ms.decms.asia\/de\/?s={search_term_string}"},"query-input":"required name=search_term_string"}],"inLanguage":"de-DE"}]}},"_links":{"self":[{"href":"https:\/\/gabriel-test.ms.decms.asia\/de\/wp-json\/wp\/v2\/pages\/436"}],"collection":[{"href":"https:\/\/gabriel-test.ms.decms.asia\/de\/wp-json\/wp\/v2\/pages"}],"about":[{"href":"https:\/\/gabriel-test.ms.decms.asia\/de\/wp-json\/wp\/v2\/types\/page"}],"author":[{"embeddable":true,"href":"https:\/\/gabriel-test.ms.decms.asia\/de\/wp-json\/wp\/v2\/users\/2"}],"replies":[{"embeddable":true,"href":"https:\/\/gabriel-test.ms.decms.asia\/de\/wp-json\/wp\/v2\/comments?post=436"}],"version-history":[{"count":0,"href":"https:\/\/gabriel-test.ms.decms.asia\/de\/wp-json\/wp\/v2\/pages\/436\/revisions"}],"wp:featuredmedia":[{"embeddable":true,"href":"https:\/\/gabriel-test.ms.decms.asia\/de\/wp-json\/wp\/v2\/media\/9"}],"wp:attachment":[{"href":"https:\/\/gabriel-test.ms.decms.asia\/de\/wp-json\/wp\/v2\/media?parent=436"}],"curies":[{"name":"wp","href":"https:\/\/api.w.org\/{rel}","templated":true}]}}